{"id":26,"date":"2016-02-21T01:31:41","date_gmt":"2016-02-21T00:31:41","guid":{"rendered":"http:\/\/transnez.opx.pl\/?page_id=26"},"modified":"2021-10-22T07:18:42","modified_gmt":"2021-10-22T07:18:42","slug":"certyfikaty","status":"publish","type":"page","link":"http:\/\/trans-nez.pl\/?page_id=26","title":{"rendered":"Certyfikaty"},"content":{"rendered":"<div id=\"attachment_176\" style=\"width: 222px\" class=\"wp-caption aligncenter\"><a href=\"http:\/\/trans-nez.pl\/wp-content\/uploads\/2016\/02\/00021.jpg\"><img loading=\"lazy\" decoding=\"async\" aria-describedby=\"caption-attachment-176\" class=\"wp-image-176 size-medium\" src=\"http:\/\/trans-nez.pl\/wp-content\/uploads\/2016\/02\/00021-212x300.jpg\" alt=\"Certyfikat kompetencji zawodowych\" width=\"212\" height=\"300\" srcset=\"http:\/\/trans-nez.pl\/wp-content\/uploads\/2016\/02\/00021-212x300.jpg 212w, http:\/\/trans-nez.pl\/wp-content\/uploads\/2016\/02\/00021.jpg 600w\" sizes=\"auto, (max-width: 212px) 100vw, 212px\" \/><\/a><p id=\"caption-attachment-176\" class=\"wp-caption-text\">Certyfikat kompetencji zawodowych<\/p><\/div>\n<div id=\"attachment_171\" style=\"width: 222px\" class=\"wp-caption aligncenter\"><a href=\"http:\/\/trans-nez.pl\/wp-content\/uploads\/2016\/02\/00011.jpg\"><img loading=\"lazy\" decoding=\"async\" aria-describedby=\"caption-attachment-171\" class=\"wp-image-171 size-medium\" src=\"http:\/\/trans-nez.pl\/wp-content\/uploads\/2016\/02\/00011-212x300.jpg\" alt=\"Licencja na mi\u0119dzynarodowy przew\u00f3z os\u00f3b\" width=\"212\" height=\"300\" srcset=\"http:\/\/trans-nez.pl\/wp-content\/uploads\/2016\/02\/00011-212x300.jpg 212w, http:\/\/trans-nez.pl\/wp-content\/uploads\/2016\/02\/00011.jpg 600w\" sizes=\"auto, (max-width: 212px) 100vw, 212px\" \/><\/a><p id=\"caption-attachment-171\" class=\"wp-caption-text\">Licencja na mi\u0119dzynarodowy przew\u00f3z os\u00f3b<\/p><\/div>\n<p>&nbsp;<\/p>\n<p style=\"text-align: center;\"><a href=\"http:\/\/trans-nez.pl\/wp-content\/uploads\/2016\/02\/transnez.png\"><img loading=\"lazy\" decoding=\"async\" class=\"wp-image-270 size-medium alignleft\" src=\"http:\/\/trans-nez.pl\/wp-content\/uploads\/2016\/02\/transnez-300x79.png\" alt=\"transnez\" width=\"300\" height=\"79\" srcset=\"http:\/\/trans-nez.pl\/wp-content\/uploads\/2016\/02\/transnez-300x79.png 300w, http:\/\/trans-nez.pl\/wp-content\/uploads\/2016\/02\/transnez.png 652w\" sizes=\"auto, (max-width: 300px) 100vw, 300px\" \/><\/a><\/p>\n","protected":false},"excerpt":{"rendered":"<p>&nbsp;<\/p>\n","protected":false},"author":1,"featured_media":0,"parent":0,"menu_order":3,"comment_status":"closed","ping_status":"closed","template":"fullwidth.php","meta":{"footnotes":""},"class_list":["post-26","page","type-page","status-publish","hentry"],"_links":{"self":[{"href":"http:\/\/trans-nez.pl\/index.php?rest_route=\/wp\/v2\/pages\/26","targetHints":{"allow":["GET"]}}],"collection":[{"href":"http:\/\/trans-nez.pl\/index.php?rest_route=\/wp\/v2\/pages"}],"about":[{"href":"http:\/\/trans-nez.pl\/index.php?rest_route=\/wp\/v2\/types\/page"}],"author":[{"embeddable":true,"href":"http:\/\/trans-nez.pl\/index.php?rest_route=\/wp\/v2\/users\/1"}],"replies":[{"embeddable":true,"href":"http:\/\/trans-nez.pl\/index.php?rest_route=%2Fwp%2Fv2%2Fcomments&post=26"}],"version-history":[{"count":21,"href":"http:\/\/trans-nez.pl\/index.php?rest_route=\/wp\/v2\/pages\/26\/revisions"}],"predecessor-version":[{"id":273,"href":"http:\/\/trans-nez.pl\/index.php?rest_route=\/wp\/v2\/pages\/26\/revisions\/273"}],"wp:attachment":[{"href":"http:\/\/trans-nez.pl\/index.php?rest_route=%2Fwp%2Fv2%2Fmedia&parent=26"}],"curies":[{"name":"wp","href":"https:\/\/api.w.org\/{rel}","templated":true}]}}